{"id":1154,"date":"2021-02-23T23:22:15","date_gmt":"2021-02-23T23:22:15","guid":{"rendered":"http:\/\/www.nestorgimenez.com\/?page_id=1154"},"modified":"2023-06-27T09:29:58","modified_gmt":"2023-06-27T09:29:58","slug":"nestorgimenezorchestra","status":"publish","type":"page","link":"https:\/\/www.nestorgimenez.com\/index.php\/nestorgimenezorchestra\/","title":{"rendered":"N\u00e9stor Gim\u00e9nez Orchestra"},"content":{"rendered":"\n<h1 class=\"wp-block-heading has-text-align-center advgb-dyn-3d4ca595\">N\u00e9stor Gim\u00e9nez Orchestra<\/h1>\n\n\n\n<h4 class=\"wp-block-heading has-text-align-center advgb-dyn-e609c956\" id=\"lunar-music-4614f0d3-0605-409f-ae4c-aaa1944b0ba6\">(Rite Music)<\/h4>\n\n\n\n<h6 class=\"wp-block-heading has-text-align-center advgb-dyn-e3dbd09e\" id=\"mostly-instrumental-heavily-thought-conceptually-balanced-between-composition-and-improvisation-music-7ba7f687-e50e-4631-bd6e-b5604b5e8db6\">Instrumental, very instrumented, conceptually composed, a bit improvised music<\/h6>\n\n\n\n<div style=\"height:60px\" aria-hidden=\"true\" class=\"wp-block-spacer advgb-dyn-377da97f\"><\/div>\n\n\n\n<div class=\"wp-block-group advgb-dyn-069c0292\"><div class=\"wp-block-group__inner-container is-layout-flow wp-block-group-is-layout-flow\">\n<figure class=\"wp-block-image size-large\"><img loading=\"lazy\" decoding=\"async\" width=\"1024\" height=\"306\" src=\"http:\/\/www.nestorgimenez.com\/wp-content\/uploads\/2019\/04\/Nestor-Gimenez-Orchestra-2-1024x306.jpg\" alt=\"\" class=\"wp-image-424\" srcset=\"https:\/\/www.nestorgimenez.com\/wp-content\/uploads\/2019\/04\/Nestor-Gimenez-Orchestra-2-1024x306.jpg 1024w, https:\/\/www.nestorgimenez.com\/wp-content\/uploads\/2019\/04\/Nestor-Gimenez-Orchestra-2-300x90.jpg 300w, https:\/\/www.nestorgimenez.com\/wp-content\/uploads\/2019\/04\/Nestor-Gimenez-Orchestra-2-768x230.jpg 768w, https:\/\/www.nestorgimenez.com\/wp-content\/uploads\/2019\/04\/Nestor-Gimenez-Orchestra-2-830x248.jpg 830w, https:\/\/www.nestorgimenez.com\/wp-content\/uploads\/2019\/04\/Nestor-Gimenez-Orchestra-2-230x69.jpg 230w, https:\/\/www.nestorgimenez.com\/wp-content\/uploads\/2019\/04\/Nestor-Gimenez-Orchestra-2-350x105.jpg 350w, https:\/\/www.nestorgimenez.com\/wp-content\/uploads\/2019\/04\/Nestor-Gimenez-Orchestra-2-480x143.jpg 480w\" sizes=\"auto, (max-width: 1024px) 100vw, 1024px\" \/><\/figure>\n\n\n\n<div class=\"wp-block-columns are-vertically-aligned-top is-layout-flex wp-container-core-columns-is-layout-9d6595d7 wp-block-columns-is-layout-flex\">\n<div class=\"wp-block-column is-vertically-aligned-top is-layout-flow wp-block-column-is-layout-flow\">\n<p class=\"has-text-align-center\">N\u00e9stor Gim\u00e9nez, piano<\/p>\n\n\n\n<p class=\"has-text-align-center\">Adri\u00e0 Plana, guitar<\/p>\n\n\n\n<p class=\"has-text-align-center\">Vic Moliner, bass<\/p>\n\n\n\n<p class=\"has-text-align-center\">Joan Terol, drums<\/p>\n<\/div>\n\n\n\n<div class=\"wp-block-column is-vertically-aligned-top is-layout-flow wp-block-column-is-layout-flow\">\n<p class=\"has-text-align-center\">Gabriel Amargant, soprano sax<\/p>\n\n\n\n<p class=\"has-text-align-center\">Marcel\u00b7l\u00ed Bayer, alto sax<\/p>\n\n\n\n<p class=\"has-text-align-center\">Santi de la Rubia, tenor sax<\/p>\n\n\n\n<p class=\"has-text-align-center\">Gorka Garay, terno sax<\/p>\n\n\n\n<p class=\"has-text-align-center\">Pere Mir\u00f3, baritone sax<\/p>\n<\/div>\n\n\n\n<div class=\"wp-block-column is-vertically-aligned-top is-layout-flow wp-block-column-is-layout-flow\">\n<p class=\"has-text-align-center\">Jaume Pe\u00f1a, trumpet<\/p>\n\n\n\n<p class=\"has-text-align-center\">\u00d2scar Latorre, trumpet<\/p>\n\n\n\n<p class=\"has-text-align-center\">Jordi Guasp, horn<\/p>\n\n\n\n<p class=\"has-text-align-center\">Albert Costa, trombone<\/p>\n\n\n\n<p class=\"has-text-align-center\">Juan Rodr\u00edguez, tuba<\/p>\n<\/div>\n\n\n\n<div class=\"wp-block-column is-vertically-aligned-top is-layout-flow wp-block-column-is-layout-flow\">\n<p class=\"has-text-align-center\">Pablo Selnik, flute<\/p>\n\n\n\n<p class=\"has-text-align-center\">Carla Su\u00e1rez, oboe<\/p>\n\n\n\n<p class=\"has-text-align-center\">Pau Dom\u00e8nech, clarinet<\/p>\n\n\n\n<p class=\"has-text-align-center\">Laura Serra, fagot<\/p>\n<\/div>\n\n\n\n<div class=\"wp-block-column is-vertically-aligned-top is-layout-flow wp-block-column-is-layout-flow\">\n<p class=\"has-text-align-center\">Carlota Amarg\u00f3s, violin<\/p>\n\n\n\n<p class=\"has-text-align-center\">Ana Fern\u00e1ndez, violin<\/p>\n\n\n\n<p class=\"has-text-align-center\">Uixi Amarg\u00f3s, viola<\/p>\n\n\n\n<p class=\"has-text-align-center\">Mar\u00e7al Ayats, cello<\/p>\n<\/div>\n<\/div>\n\n\n\n<h2 class=\"wp-block-heading has-text-align-center advgb-dyn-447b91da\">Discography<\/h2>\n\n\n\n<div class=\"wp-block-uagb-separator uagb-block-a09adceb\"><div class=\"wp-block-uagb-separator__inner\" style=\"--my-background-image:\"><\/div><\/div>\n\n\n\n<div style=\"height:35px\" aria-hidden=\"true\" class=\"wp-block-spacer advgb-dyn-bcfcbbe5\"><\/div>\n<\/div><\/div>\n\n\n<!-- PhotoBlocks for WordPress v1.3.3 free --><style> #photoblocks-3 {width: 100%;} #photoblocks-3 .pb-block {border-color: #333333;} #photoblocks-3 .pb-title {color: #ffffff;font-size: 20px;} #photoblocks-3 .pb-description {color: rgba(255, 255, 255, 0.7);font-size: 14px;} #photoblocks-3 .pb-block.pb-type-text .pb-overlay {} #photoblocks-3 .pb-block.pb-type-text .pb-title, #photoblocks-3 .pb-block.pb-type-text .pb-description {} #photoblocks-3 .pb-block.pb-type-text .pb-title {} #photoblocks-3 .pb-block.pb-type-text .pb-description {} #photoblocks-3 .pb-overlay { background: transparent; } #photoblocks-3.pb-effect-sticky .pb-block.pb-type-image .pb-overlay .pb-caption-bottom {background: rgba(0, 0, 0, 0.3);} #photoblocks-3.pb-lift.show-empty-overlay .pb-block.pb-type-image:hover, #photoblocks-3.pb-lift .pb-block.pb-type-image.with-text:hover { box-shadow: rgba(0, 0, 0, 0.3) 0 0 20px; } #photoblocks-3 .pb-block { } #photoblocks-3 .pb-block .pb-social button {color: #ffffff;font-size: 14px;} #photoblocks-3 .pb-blocks .pb-type-image {max-width: calc( 100% - 10px )}<\/style><div class=\"photoblocks-gallery pb-blur pb-lift pb-effect-sticky\" data-anim=\"fade\" id=\"photoblocks-3\"> <div class=\"pb-blocks\"> <div class=\"pb-block pb-portrait pb-height pb-type-image \" style=\"\" data-colspan=\"1\" data-rowspan=\"1\" data-col=\"0\" data-row=\"0\" data-valign=\"center\" data-halign=\"center\" data-type=\"image\" data-ratio=\"1\"> <img decoding=\"async\" class=\"pb-image skip-lazy \" src=\"data:image\/png;base64,iVBORw0KGgoAAAANSUhEUgAAAAEAAAABCAYAAAAfFcSJAAAADUlEQVR42mNkYPhfDwAChwGA60e6kgAAAABJRU5ErkJggg==\" data-pb-source=\"https:\/\/www.nestorgimenez.com\/wp-content\/uploads\/2021\/02\/Disco-blanco.jpg\" alt=\"\"> <noscript><img decoding=\"async\" src=\"http:\/\/www.nestorgimenez.com\/wp-content\/uploads\/2021\/02\/Disco-blanco.jpg\" alt=\"\"><\/noscript> <a class=\"pb-link \" data-magnific=\"gallery-3\" data-caption=\"\" rel=\"\" target=\"\" href=\"https:\/\/www.nestorgimenez.com\/wp-content\/uploads\/2021\/02\/Disco-blanco.jpg\"> <\/a> <\/div> <div class=\"pb-block with-text with-social-or-text pb-portrait pb-height pb-type-image \" style=\"\" data-colspan=\"1\" data-rowspan=\"1\" data-col=\"1\" data-row=\"0\" data-valign=\"center\" data-halign=\"center\" data-type=\"image\" data-ratio=\"1\"> <img decoding=\"async\" class=\"pb-image skip-lazy \" src=\"data:image\/png;base64,iVBORw0KGgoAAAANSUhEUgAAAAEAAAABCAYAAAAfFcSJAAAADUlEQVR42mNkYPhfDwAChwGA60e6kgAAAABJRU5ErkJggg==\" data-pb-source=\"https:\/\/www.nestorgimenez.com\/wp-content\/uploads\/2021\/02\/Portada-Consagracio-requadre-1024x1024.jpg\" alt=\"N\u00e9stor Gim\u00e9nez Orchestra: RiteJazz Granollers 2018\"> <noscript><img decoding=\"async\" src=\"http:\/\/www.nestorgimenez.com\/wp-content\/uploads\/2021\/02\/Portada-Consagracio-requadre.jpg\" alt=\"N\u00e9stor Gim\u00e9nez Orchestra: RiteJazz Granollers 2018\"><\/noscript> <a class=\"pb-link \" data-caption=\"\" rel=\"\" target=\"_blank\" href=\"https:\/\/www.amazon.es\/Rite-Live-N%C3%A9stor-Gim%C3%A9nez-Orchestra\/dp\/B07JVDPXB5\/ref=pd_rhf_se_p_img_6?_encoding=UTF8&psc=1&refRID=EMA0ZADNF6F19WS4EAZ6\"> <div class=\"pb-overlay\" style=\"\"> <div class=\"pb-caption-bottom\"> <span class=\"pb-title pb-caption-center\" style=\"\">N\u00e9stor Gim\u00e9nez Orchestra: Rite<\/br>Jazz Granollers 2018<\/span> <\/div> <\/div> <\/a> <\/div> <div class=\"pb-block pb-portrait pb-height pb-type-image \" style=\"\" data-colspan=\"1\" data-rowspan=\"1\" data-col=\"2\" data-row=\"0\" data-valign=\"center\" data-halign=\"center\" data-type=\"image\" data-ratio=\"1\"> <img decoding=\"async\" class=\"pb-image skip-lazy \" src=\"data:image\/png;base64,iVBORw0KGgoAAAANSUhEUgAAAAEAAAABCAYAAAAfFcSJAAAADUlEQVR42mNkYPhfDwAChwGA60e6kgAAAABJRU5ErkJggg==\" data-pb-source=\"https:\/\/www.nestorgimenez.com\/wp-content\/uploads\/2021\/02\/Disco-blanco.jpg\" alt=\"\"> <noscript><img decoding=\"async\" src=\"http:\/\/www.nestorgimenez.com\/wp-content\/uploads\/2021\/02\/Disco-blanco.jpg\" alt=\"\"><\/noscript> <a class=\"pb-link \" data-magnific=\"gallery-3\" data-caption=\"\" rel=\"\" target=\"\" href=\"https:\/\/www.nestorgimenez.com\/wp-content\/uploads\/2021\/02\/Disco-blanco.jpg\"> <\/a> <\/div> <\/div><\/div><div id=\"photoblocks-fancybox-3\"><\/div><script>jQuery(function () { var p = new PhotoBlocks({ selector: \"#photoblocks-3\", columns: 3, padding: 10, disable_below: 320, on: { before: function () { }, after: function () { }, refresh: function () { } }, mobile_layout: [], lazy: false, debug: false }); jQuery(\"#photoblocks-3\").magnificPopup({ delegate: \".pb-block:not(.pb-filtered) [data-magnific]\", type: \"image\", gallery: { enabled: true, preload: [0,2] }, image: { titleSrc: 'data-caption' }, mainClass: \"mfp-3\" }); });<\/script>\n\n\n\n<div style=\"height:60px\" aria-hidden=\"true\" class=\"wp-block-spacer advgb-dyn-377da97f\"><\/div>\n\n\n\n<h2 class=\"wp-block-heading has-text-align-center advgb-dyn-a0cccc8e\" id=\"videos-94e464ba-e7fb-491c-92ad-6a2b60b19f3d\">Videos<\/h2>\n\n\n\n<div class=\"wp-block-uagb-separator uagb-block-4e4273e0\"><div class=\"wp-block-uagb-separator__inner\" style=\"--my-background-image:\"><\/div><\/div>\n\n\n\n<div style=\"height:50px\" aria-hidden=\"true\" class=\"wp-block-spacer advgb-dyn-a1f5334f\"><\/div>\n\n\n<div class=\"epyt-gallery\" data-currpage=\"1\" id=\"epyt_gallery_85418\"><div class=\"epyt-video-wrapper\"><iframe loading=\"lazy\"  id=\"_ytid_71006\"  width=\"1200\" height=\"675\"  data-origwidth=\"1200\" data-origheight=\"675\" src=\"https:\/\/www.youtube.com\/embed\/q4I5zV2IBY0?enablejsapi=1&autoplay=0&cc_load_policy=0&cc_lang_pref=&iv_load_policy=1&loop=0&rel=1&fs=1&playsinline=0&autohide=2&theme=dark&color=red&controls=1&disablekb=0&\" class=\"__youtube_prefs__  no-lazyload\" title=\"YouTube player\"  data-epytgalleryid=\"epyt_gallery_85418\"  allow=\"fullscreen; accelerometer; autoplay; clipboard-write; encrypted-media; gyroscope; picture-in-picture; web-share\" referrerpolicy=\"strict-origin-when-cross-origin\" allowfullscreen data-no-lazy=\"1\" data-skipgform_ajax_framebjll=\"\"><\/iframe><\/div><div class=\"epyt-gallery-list\"><div class=\"epyt-pagination \"><div tabindex=\"0\" role=\"button\" class=\"epyt-pagebutton epyt-prev  hide \" data-playlistid=\"PL_eSrrDt28AR22qqGSriskq2z3BA_jP8W\" data-pagesize=\"10\" data-pagetoken=\"\" data-epcolumns=\"5\" data-showtitle=\"1\" data-showpaging=\"1\" data-autonext=\"0\" data-thumbplay=\"1\"><div class=\"epyt-arrow\">&laquo;<\/div> <div>Prev<\/div><\/div><div class=\"epyt-pagenumbers hide\"><div class=\"epyt-current\">1<\/div><div class=\"epyt-pageseparator\"> \/ <\/div><div class=\"epyt-totalpages\">1<\/div><\/div><div tabindex=\"0\" role=\"button\" class=\"epyt-pagebutton epyt-next hide \" data-playlistid=\"PL_eSrrDt28AR22qqGSriskq2z3BA_jP8W\" data-pagesize=\"10\" data-pagetoken=\"\" data-epcolumns=\"5\" data-showtitle=\"1\" data-showpaging=\"1\" data-autonext=\"0\" data-thumbplay=\"1\"><div>Next<\/div> <div class=\"epyt-arrow\">&raquo;<\/div><\/div><div class=\"epyt-loader\"><img loading=\"lazy\" decoding=\"async\" alt=\"loading\" width=\"16\" height=\"11\" src=\"https:\/\/www.nestorgimenez.com\/wp-content\/plugins\/youtube-embed-plus\/images\/gallery-page-loader.gif\"><\/div><\/div><div class=\"epyt-gallery-allthumbs  epyt-cols-5 \"><div tabindex=\"0\" role=\"button\" data-videoid=\"q4I5zV2IBY0\" class=\"epyt-gallery-thumb\"><div class=\"epyt-gallery-img-box\"><div class=\"epyt-gallery-img\" style=\"background-image: url(https:\/\/i.ytimg.com\/vi\/q4I5zV2IBY0\/hqdefault.jpg)\"><div class=\"epyt-gallery-playhover\"><img loading=\"lazy\" decoding=\"async\" alt=\"play\" class=\"epyt-play-img\" width=\"30\" height=\"23\" src=\"https:\/\/www.nestorgimenez.com\/wp-content\/plugins\/youtube-embed-plus\/images\/playhover.png\" data-no-lazy=\"1\" data-skipgform_ajax_framebjll=\"\" \/><div class=\"epyt-gallery-playcrutch\"><\/div><\/div><\/div><\/div><div class=\"epyt-gallery-title\">N\u00e9stor Gim\u00e9nez Orchestra - Consagraci\u00f3 (Rite) - 2 - Premonici\u00f3 (Premonition)<\/div><\/div><div tabindex=\"0\" role=\"button\" data-videoid=\"BiBgVOtVfuc\" class=\"epyt-gallery-thumb\"><div class=\"epyt-gallery-img-box\"><div class=\"epyt-gallery-img\" style=\"background-image: url(https:\/\/i.ytimg.com\/vi\/BiBgVOtVfuc\/hqdefault.jpg)\"><div class=\"epyt-gallery-playhover\"><img loading=\"lazy\" decoding=\"async\" alt=\"play\" class=\"epyt-play-img\" width=\"30\" height=\"23\" src=\"https:\/\/www.nestorgimenez.com\/wp-content\/plugins\/youtube-embed-plus\/images\/playhover.png\" data-no-lazy=\"1\" data-skipgform_ajax_framebjll=\"\" \/><div class=\"epyt-gallery-playcrutch\"><\/div><\/div><\/div><\/div><div class=\"epyt-gallery-title\">N\u00e9stor Gim\u00e9nez Orchestra - Consagraci\u00f3 (Rite) - 3 - Abducci\u00f3 (Abduction)<\/div><\/div><div tabindex=\"0\" role=\"button\" data-videoid=\"8EUjRXa_XHM\" class=\"epyt-gallery-thumb\"><div class=\"epyt-gallery-img-box\"><div class=\"epyt-gallery-img\" style=\"background-image: url(https:\/\/i.ytimg.com\/vi\/8EUjRXa_XHM\/hqdefault.jpg)\"><div class=\"epyt-gallery-playhover\"><img loading=\"lazy\" decoding=\"async\" alt=\"play\" class=\"epyt-play-img\" width=\"30\" height=\"23\" src=\"https:\/\/www.nestorgimenez.com\/wp-content\/plugins\/youtube-embed-plus\/images\/playhover.png\" data-no-lazy=\"1\" data-skipgform_ajax_framebjll=\"\" \/><div class=\"epyt-gallery-playcrutch\"><\/div><\/div><\/div><\/div><div class=\"epyt-gallery-title\">N\u00e9stor Gim\u00e9nez Orchestra - Consagraci\u00f3 (Rite) - 12 - Evocaci\u00f3 (Evocation)<\/div><\/div><div tabindex=\"0\" role=\"button\" data-videoid=\"Bo8NFa__5I8\" class=\"epyt-gallery-thumb\"><div class=\"epyt-gallery-img-box\"><div class=\"epyt-gallery-img\" style=\"background-image: url(https:\/\/i.ytimg.com\/vi\/Bo8NFa__5I8\/hqdefault.jpg)\"><div class=\"epyt-gallery-playhover\"><img loading=\"lazy\" decoding=\"async\" alt=\"play\" class=\"epyt-play-img\" width=\"30\" height=\"23\" src=\"https:\/\/www.nestorgimenez.com\/wp-content\/plugins\/youtube-embed-plus\/images\/playhover.png\" data-no-lazy=\"1\" data-skipgform_ajax_framebjll=\"\" \/><div class=\"epyt-gallery-playcrutch\"><\/div><\/div><\/div><\/div><div class=\"epyt-gallery-title\">N\u00e9stor Gim\u00e9nez Orchestra - Consagraci\u00f3 (Rite) - 13 - Ancestres (Ancestors)<\/div><\/div><div tabindex=\"0\" role=\"button\" data-videoid=\"cl3v16nUPgQ\" class=\"epyt-gallery-thumb\"><div class=\"epyt-gallery-img-box\"><div class=\"epyt-gallery-img\" style=\"background-image: url(https:\/\/i.ytimg.com\/vi\/cl3v16nUPgQ\/hqdefault.jpg)\"><div class=\"epyt-gallery-playhover\"><img loading=\"lazy\" decoding=\"async\" alt=\"play\" class=\"epyt-play-img\" width=\"30\" height=\"23\" src=\"https:\/\/www.nestorgimenez.com\/wp-content\/plugins\/youtube-embed-plus\/images\/playhover.png\" data-no-lazy=\"1\" data-skipgform_ajax_framebjll=\"\" \/><div class=\"epyt-gallery-playcrutch\"><\/div><\/div><\/div><\/div><div class=\"epyt-gallery-title\">N\u00e9stor Gim\u00e9nez Orchestra - Consagraci\u00f3 (Rite) - 14 - Sacrifici (Sacrifice)<\/div><\/div><div class=\"epyt-gallery-rowbreak\"><\/div><div class=\"epyt-gallery-clear\"><\/div><\/div><div class=\"epyt-pagination \"><div tabindex=\"0\" role=\"button\" class=\"epyt-pagebutton epyt-prev  hide \" data-playlistid=\"PL_eSrrDt28AR22qqGSriskq2z3BA_jP8W\" data-pagesize=\"10\" data-pagetoken=\"\" data-epcolumns=\"5\" data-showtitle=\"1\" data-showpaging=\"1\" data-autonext=\"0\" data-thumbplay=\"1\"><div class=\"epyt-arrow\">&laquo;<\/div> <div>Prev<\/div><\/div><div class=\"epyt-pagenumbers hide\"><div class=\"epyt-current\">1<\/div><div class=\"epyt-pageseparator\"> \/ <\/div><div class=\"epyt-totalpages\">1<\/div><\/div><div tabindex=\"0\" role=\"button\" class=\"epyt-pagebutton epyt-next hide \" data-playlistid=\"PL_eSrrDt28AR22qqGSriskq2z3BA_jP8W\" data-pagesize=\"10\" data-pagetoken=\"\" data-epcolumns=\"5\" data-showtitle=\"1\" data-showpaging=\"1\" data-autonext=\"0\" data-thumbplay=\"1\"><div>Next<\/div> <div class=\"epyt-arrow\">&raquo;<\/div><\/div><div class=\"epyt-loader\"><img loading=\"lazy\" decoding=\"async\" alt=\"loading\" width=\"16\" height=\"11\" src=\"https:\/\/www.nestorgimenez.com\/wp-content\/plugins\/youtube-embed-plus\/images\/gallery-page-loader.gif\"><\/div><\/div><\/div><\/div>\n\n\n\n<p><\/p>\n\n\n\n<h2 class=\"wp-block-heading has-text-align-center advgb-dyn-3f5a91db\" id=\"videos-94e464ba-e7fb-491c-92ad-6a2b60b19f3d\">Press<\/h2>\n\n\n\n<div class=\"wp-block-uagb-separator uagb-block-b8c2dba6\"><div class=\"wp-block-uagb-separator__inner\" style=\"--my-background-image:\"><\/div><\/div>\n\n\n\n<div style=\"height:50px\" aria-hidden=\"true\" class=\"wp-block-spacer advgb-dyn-a1f5334f\"><\/div>\n\n\n\n<div class=\"wp-block-advgb-list advgb-dyn-f21f78dd\"><ul class=\"advgblist-9175ae3e-7863-49a2-9447-bf4f2d15a22d advgb-list advgb-list-admin-post\">\n<li><a rel=\"noreferrer noopener\" href=\"https:\/\/www.tomajazz.com\/web\/?p=30235\" data-type=\"URL\" data-id=\"https:\/\/www.tomajazz.com\/web\/?p=30235\" target=\"_blank\">https:\/\/www.tomajazz.com\/web\/?p=30235<\/a><\/li>\n\n\n\n<li><a rel=\"noreferrer noopener\" href=\"https:\/\/www.nuvol.com\/la-ruta-del-jazz\/nestor-gimenez-sembla-que-la-musica-classica-sigui-la-llum-i-el-jazz-les-tenebres-43970\" data-type=\"URL\" data-id=\"https:\/\/www.nuvol.com\/la-ruta-del-jazz\/nestor-gimenez-sembla-que-la-musica-classica-sigui-la-llum-i-el-jazz-les-tenebres-43970\" target=\"_blank\">https:\/\/www.nuvol.com\/la-ruta-del-jazz\/nestor-gimenez-sembla-que-la-musica-classica-sigui-la-llum-i-el-jazz-les-tenebres-43970<\/a><\/li>\n\n\n\n<li><a rel=\"noreferrer noopener\" href=\"https:\/\/www.plaestanydigital.cat\/index.php\/cultura\/2295-la-nestor-gimenez-orchestra-presenta-consagracio-a-l-auditori-de-l-ateneu.html\" target=\"_blank\">https:\/\/www.plaestanydigital.cat\/index.php\/cultura\/2295-la-nestor-gimenez-orchestra-presenta-consagracio-a-l-auditori-de-l-ateneu.html<\/a><\/li>\n\n\n\n<li><a href=\"https:\/\/www.cultura.banyoles.cat\/ca\/noticies\/2179-nestor-gimenez-orchestra-presenta-a-lauditori.html\" data-type=\"URL\" data-id=\"https:\/\/www.cultura.banyoles.cat\/ca\/noticies\/2179-nestor-gimenez-orchestra-presenta-a-lauditori.html\" target=\"_blank\" rel=\"noreferrer noopener\">https:\/\/www.cultura.banyoles.cat\/ca\/noticies\/2179-nestor-gimenez-orchestra-presenta-a-lauditori.html<\/a><\/li>\n<\/ul><\/div>\n\n\n\n<p><\/p>\n<style class=\"advgb-styles-renderer\">.wp-block-advgb-list ul.advgblist-9175ae3e-7863-49a2-9447-bf4f2d15a22d > li{font-size:16px;}.wp-block-advgb-list ul.advgblist-9175ae3e-7863-49a2-9447-bf4f2d15a22d > li{padding-left:34px;margin-left:0;}.wp-block-advgb-list ul.advgblist-9175ae3e-7863-49a2-9447-bf4f2d15a22d > li:before{font-size:32px;color:var(--nv-c-2);line-height:38px;margin:2px;padding:2px;margin-left:-36px}<\/style>","protected":false},"excerpt":{"rendered":"<p>N\u00e9stor Gim\u00e9nez Orchestra (Rite Music) Instrumental, very instrumented, conceptually composed, a bit improvised music N\u00e9stor Gim\u00e9nez, piano Adri\u00e0 Plana, guitar Vic Moliner, bass Joan Terol, drums Gabriel Amargant, soprano sax Marcel\u00b7l\u00ed Bayer, alto sax Santi de la Rubia, tenor sax Gorka Garay, terno sax Pere Mir\u00f3, baritone sax Jaume Pe\u00f1a, trumpet \u00d2scar Latorre, trumpet Jordi&hellip;&nbsp;<a href=\"https:\/\/www.nestorgimenez.com\/index.php\/nestorgimenezorchestra\/\" rel=\"bookmark\">Read More &raquo;<span class=\"screen-reader-text\">N\u00e9stor Gim\u00e9nez Orchestra<\/span><\/a><\/p>\n","protected":false},"author":1,"featured_media":0,"parent":0,"menu_order":0,"comment_status":"closed","ping_status":"closed","template":"","meta":{"_uag_custom_page_level_css":"","advgb_blocks_editor_width":"","advgb_blocks_columns_visual_guide":"","neve_meta_sidebar":"default","neve_meta_container":"","neve_meta_enable_content_width":"off","neve_meta_content_width":100,"neve_meta_title_alignment":"","neve_meta_author_avatar":"","neve_post_elements_order":"","neve_meta_disable_header":"","neve_meta_disable_footer":"","neve_meta_disable_title":"on","footnotes":""},"class_list":["post-1154","page","type-page","status-publish","hentry"],"featured_image_src":null,"featured_image_src_square":null,"uagb_featured_image_src":{"full":false,"thumbnail":false,"medium":false,"medium_large":false,"large":false,"tf-client-image-size":false,"1536x1536":false,"2048x2048":false,"gb-block-post-grid-landscape":false,"gb-block-post-grid-square":false,"neve-blog":false},"uagb_author_info":{"display_name":"pelsman","author_link":"https:\/\/www.nestorgimenez.com\/index.php\/author\/pelsman\/"},"uagb_comment_info":0,"uagb_excerpt":"N\u00e9stor Gim\u00e9nez Orchestra (Rite Music) Instrumental, very instrumented, conceptually composed, a bit improvised music N\u00e9stor Gim\u00e9nez, piano Adri\u00e0 Plana, guitar Vic Moliner, bass Joan Terol, drums Gabriel Amargant, soprano sax Marcel\u00b7l\u00ed Bayer, alto sax Santi de la Rubia, tenor sax Gorka Garay, terno sax Pere Mir\u00f3, baritone sax Jaume Pe\u00f1a, trumpet \u00d2scar Latorre, trumpet Jordi&hellip;&nbsp;Read&hellip;","coauthors":[],"author_meta":{"author_link":"https:\/\/www.nestorgimenez.com\/index.php\/author\/pelsman\/","display_name":"pelsman"},"relative_dates":{"created":"Posted 5 years ago","modified":"Updated 3 years ago"},"absolute_dates":{"created":"Posted on 23 February, 2021","modified":"Updated on 27 June, 2023"},"absolute_dates_time":{"created":"Posted on 23 February, 2021 11:22 pm","modified":"Updated on 27 June, 2023 9:29 am"},"featured_img_caption":"","featured_img":false,"series_order":"","_links":{"self":[{"href":"https:\/\/www.nestorgimenez.com\/index.php\/wp-json\/wp\/v2\/pages\/1154","targetHints":{"allow":["GET"]}}],"collection":[{"href":"https:\/\/www.nestorgimenez.com\/index.php\/wp-json\/wp\/v2\/pages"}],"about":[{"href":"https:\/\/www.nestorgimenez.com\/index.php\/wp-json\/wp\/v2\/types\/page"}],"author":[{"embeddable":true,"href":"https:\/\/www.nestorgimenez.com\/index.php\/wp-json\/wp\/v2\/users\/1"}],"replies":[{"embeddable":true,"href":"https:\/\/www.nestorgimenez.com\/index.php\/wp-json\/wp\/v2\/comments?post=1154"}],"version-history":[{"count":14,"href":"https:\/\/www.nestorgimenez.com\/index.php\/wp-json\/wp\/v2\/pages\/1154\/revisions"}],"predecessor-version":[{"id":1656,"href":"https:\/\/www.nestorgimenez.com\/index.php\/wp-json\/wp\/v2\/pages\/1154\/revisions\/1656"}],"wp:attachment":[{"href":"https:\/\/www.nestorgimenez.com\/index.php\/wp-json\/wp\/v2\/media?parent=1154"}],"curies":[{"name":"wp","href":"https:\/\/api.w.org\/{rel}","templated":true}]}}