{"id":1171,"date":"2021-02-24T00:11:26","date_gmt":"2021-02-24T00:11:26","guid":{"rendered":"http:\/\/www.nestorgimenez.com\/?page_id=1171"},"modified":"2023-06-27T09:32:07","modified_gmt":"2023-06-27T09:32:07","slug":"rawtrio","status":"publish","type":"page","link":"https:\/\/www.nestorgimenez.com\/index.php\/rawtrio\/","title":{"rendered":"Raw Trio"},"content":{"rendered":"\n<h1 class=\"wp-block-heading has-text-align-center advgb-dyn-f90d8077\">Raw Trio<\/h1>\n\n\n\n<h4 class=\"wp-block-heading has-text-align-center advgb-dyn-d04cc0b0\" id=\"lunar-music-4614f0d3-0605-409f-ae4c-aaa1944b0ba6\">(Rock Music)<\/h4>\n\n\n\n<h6 class=\"wp-block-heading has-text-align-center advgb-dyn-89d9cc64\" id=\"mostly-instrumental-heavily-thought-conceptually-balanced-between-composition-and-improvisation-music-7ba7f687-e50e-4631-bd6e-b5604b5e8db6\">Instrumental, hooligan played, cover based music<\/h6>\n\n\n\n<div style=\"height:60px\" aria-hidden=\"true\" class=\"wp-block-spacer advgb-dyn-377da97f\"><\/div>\n\n\n\n<div class=\"wp-block-group advgb-dyn-6bbbaf52\"><div class=\"wp-block-group__inner-container is-layout-flow wp-block-group-is-layout-flow\">\n<figure class=\"wp-block-image size-large\"><img loading=\"lazy\" decoding=\"async\" width=\"1024\" height=\"276\" src=\"http:\/\/www.nestorgimenez.com\/wp-content\/uploads\/2019\/04\/RAW-Trio-2-1024x276.jpg\" alt=\"\" class=\"wp-image-478\" srcset=\"https:\/\/www.nestorgimenez.com\/wp-content\/uploads\/2019\/04\/RAW-Trio-2-1024x276.jpg 1024w, https:\/\/www.nestorgimenez.com\/wp-content\/uploads\/2019\/04\/RAW-Trio-2-300x81.jpg 300w, https:\/\/www.nestorgimenez.com\/wp-content\/uploads\/2019\/04\/RAW-Trio-2-768x207.jpg 768w, https:\/\/www.nestorgimenez.com\/wp-content\/uploads\/2019\/04\/RAW-Trio-2-830x224.jpg 830w, https:\/\/www.nestorgimenez.com\/wp-content\/uploads\/2019\/04\/RAW-Trio-2-230x62.jpg 230w, https:\/\/www.nestorgimenez.com\/wp-content\/uploads\/2019\/04\/RAW-Trio-2-350x94.jpg 350w, https:\/\/www.nestorgimenez.com\/wp-content\/uploads\/2019\/04\/RAW-Trio-2-480x129.jpg 480w\" sizes=\"auto, (max-width: 1024px) 100vw, 1024px\" \/><\/figure>\n\n\n\n<div class=\"wp-block-columns is-layout-flex wp-container-core-columns-is-layout-9d6595d7 wp-block-columns-is-layout-flex\">\n<div class=\"wp-block-column is-layout-flow wp-block-column-is-layout-flow\">\n<p class=\"has-text-align-center\">Andreu Moreno, drums<\/p>\n<\/div>\n\n\n\n<div class=\"wp-block-column is-layout-flow wp-block-column-is-layout-flow\">\n<p class=\"has-text-align-center\">N\u00e9stor Gim\u00e9nez, piano<\/p>\n<\/div>\n\n\n\n<div class=\"wp-block-column is-layout-flow wp-block-column-is-layout-flow\">\n<p class=\"has-text-align-center\">Manel Forti\u00e0, bass<\/p>\n<\/div>\n<\/div>\n\n\n\n<p><\/p>\n<\/div><\/div>\n\n\n\n<div style=\"height:35px\" aria-hidden=\"true\" class=\"wp-block-spacer advgb-dyn-bcfcbbe5\"><\/div>\n\n\n\n<h2 class=\"wp-block-heading has-text-align-center advgb-dyn-a0cccc8e\" id=\"videos-94e464ba-e7fb-491c-92ad-6a2b60b19f3d\">Videos<\/h2>\n\n\n\n<div class=\"wp-block-uagb-separator uagb-block-244a5cf8\"><div class=\"wp-block-uagb-separator__inner\" style=\"--my-background-image:\"><\/div><\/div>\n\n\n\n<div style=\"height:50px\" aria-hidden=\"true\" class=\"wp-block-spacer advgb-dyn-a1f5334f\"><\/div>\n\n\n<div class=\"epyt-gallery\" data-currpage=\"1\" id=\"epyt_gallery_46096\"><div class=\"epyt-video-wrapper\"><iframe loading=\"lazy\"  id=\"_ytid_86100\"  width=\"1200\" height=\"675\"  data-origwidth=\"1200\" data-origheight=\"675\" src=\"https:\/\/www.youtube.com\/embed\/nNfROD3FKYc?enablejsapi=1&autoplay=0&cc_load_policy=0&cc_lang_pref=&iv_load_policy=1&loop=0&rel=1&fs=1&playsinline=0&autohide=2&theme=dark&color=red&controls=1&disablekb=0&\" class=\"__youtube_prefs__  no-lazyload\" title=\"YouTube player\"  data-epytgalleryid=\"epyt_gallery_46096\"  allow=\"fullscreen; accelerometer; autoplay; clipboard-write; encrypted-media; gyroscope; picture-in-picture; web-share\" referrerpolicy=\"strict-origin-when-cross-origin\" allowfullscreen data-no-lazy=\"1\" data-skipgform_ajax_framebjll=\"\"><\/iframe><\/div><div class=\"epyt-gallery-list\"><div class=\"epyt-pagination \"><div tabindex=\"0\" role=\"button\" class=\"epyt-pagebutton epyt-prev  hide \" data-playlistid=\"PL_eSrrDt28AR2U3N-xnCQwwzLfUjiT0wx\" data-pagesize=\"10\" data-pagetoken=\"\" data-epcolumns=\"5\" data-showtitle=\"1\" data-showpaging=\"1\" data-autonext=\"0\" data-thumbplay=\"1\"><div class=\"epyt-arrow\">&laquo;<\/div> <div>Prev<\/div><\/div><div class=\"epyt-pagenumbers hide\"><div class=\"epyt-current\">1<\/div><div class=\"epyt-pageseparator\"> \/ <\/div><div class=\"epyt-totalpages\">1<\/div><\/div><div tabindex=\"0\" role=\"button\" class=\"epyt-pagebutton epyt-next hide \" data-playlistid=\"PL_eSrrDt28AR2U3N-xnCQwwzLfUjiT0wx\" data-pagesize=\"10\" data-pagetoken=\"\" data-epcolumns=\"5\" data-showtitle=\"1\" data-showpaging=\"1\" data-autonext=\"0\" data-thumbplay=\"1\"><div>Next<\/div> <div class=\"epyt-arrow\">&raquo;<\/div><\/div><div class=\"epyt-loader\"><img loading=\"lazy\" decoding=\"async\" alt=\"loading\" width=\"16\" height=\"11\" src=\"https:\/\/www.nestorgimenez.com\/wp-content\/plugins\/youtube-embed-plus\/images\/gallery-page-loader.gif\"><\/div><\/div><div class=\"epyt-gallery-allthumbs  epyt-cols-5 \"><div tabindex=\"0\" role=\"button\" data-videoid=\"nNfROD3FKYc\" class=\"epyt-gallery-thumb\"><div class=\"epyt-gallery-img-box\"><div class=\"epyt-gallery-img\" style=\"background-image: url(https:\/\/i.ytimg.com\/vi\/nNfROD3FKYc\/hqdefault.jpg)\"><div class=\"epyt-gallery-playhover\"><img loading=\"lazy\" decoding=\"async\" alt=\"play\" class=\"epyt-play-img\" width=\"30\" height=\"23\" src=\"https:\/\/www.nestorgimenez.com\/wp-content\/plugins\/youtube-embed-plus\/images\/playhover.png\" data-no-lazy=\"1\" data-skipgform_ajax_framebjll=\"\" \/><div class=\"epyt-gallery-playcrutch\"><\/div><\/div><\/div><\/div><div class=\"epyt-gallery-title\">RAW Trio -  Song2<\/div><\/div><div tabindex=\"0\" role=\"button\" data-videoid=\"pkiUmqqdvcU\" class=\"epyt-gallery-thumb\"><div class=\"epyt-gallery-img-box\"><div class=\"epyt-gallery-img\" style=\"background-image: url(https:\/\/i.ytimg.com\/vi\/pkiUmqqdvcU\/hqdefault.jpg)\"><div class=\"epyt-gallery-playhover\"><img loading=\"lazy\" decoding=\"async\" alt=\"play\" class=\"epyt-play-img\" width=\"30\" height=\"23\" src=\"https:\/\/www.nestorgimenez.com\/wp-content\/plugins\/youtube-embed-plus\/images\/playhover.png\" data-no-lazy=\"1\" data-skipgform_ajax_framebjll=\"\" \/><div class=\"epyt-gallery-playcrutch\"><\/div><\/div><\/div><\/div><div class=\"epyt-gallery-title\">RAW Trio - Torn<\/div><\/div><div tabindex=\"0\" role=\"button\" data-videoid=\"1LGYq1lABkY\" class=\"epyt-gallery-thumb\"><div class=\"epyt-gallery-img-box\"><div class=\"epyt-gallery-img\" style=\"background-image: url(https:\/\/i.ytimg.com\/vi\/1LGYq1lABkY\/hqdefault.jpg)\"><div class=\"epyt-gallery-playhover\"><img loading=\"lazy\" decoding=\"async\" alt=\"play\" class=\"epyt-play-img\" width=\"30\" height=\"23\" src=\"https:\/\/www.nestorgimenez.com\/wp-content\/plugins\/youtube-embed-plus\/images\/playhover.png\" data-no-lazy=\"1\" data-skipgform_ajax_framebjll=\"\" \/><div class=\"epyt-gallery-playcrutch\"><\/div><\/div><\/div><\/div><div class=\"epyt-gallery-title\">RAW Trio - This Love<\/div><\/div><div class=\"epyt-gallery-clear\"><\/div><\/div><div class=\"epyt-pagination \"><div tabindex=\"0\" role=\"button\" class=\"epyt-pagebutton epyt-prev  hide \" data-playlistid=\"PL_eSrrDt28AR2U3N-xnCQwwzLfUjiT0wx\" data-pagesize=\"10\" data-pagetoken=\"\" data-epcolumns=\"5\" data-showtitle=\"1\" data-showpaging=\"1\" data-autonext=\"0\" data-thumbplay=\"1\"><div class=\"epyt-arrow\">&laquo;<\/div> <div>Prev<\/div><\/div><div class=\"epyt-pagenumbers hide\"><div class=\"epyt-current\">1<\/div><div class=\"epyt-pageseparator\"> \/ <\/div><div class=\"epyt-totalpages\">1<\/div><\/div><div tabindex=\"0\" role=\"button\" class=\"epyt-pagebutton epyt-next hide \" data-playlistid=\"PL_eSrrDt28AR2U3N-xnCQwwzLfUjiT0wx\" data-pagesize=\"10\" data-pagetoken=\"\" data-epcolumns=\"5\" data-showtitle=\"1\" data-showpaging=\"1\" data-autonext=\"0\" data-thumbplay=\"1\"><div>Next<\/div> <div class=\"epyt-arrow\">&raquo;<\/div><\/div><div class=\"epyt-loader\"><img loading=\"lazy\" decoding=\"async\" alt=\"loading\" width=\"16\" height=\"11\" src=\"https:\/\/www.nestorgimenez.com\/wp-content\/plugins\/youtube-embed-plus\/images\/gallery-page-loader.gif\"><\/div><\/div><\/div><\/div>\n","protected":false},"excerpt":{"rendered":"<p>Raw Trio (Rock Music) Instrumental, hooligan played, cover based music Andreu Moreno, drums N\u00e9stor Gim\u00e9nez, piano Manel Forti\u00e0, bass Videos<\/p>\n","protected":false},"author":1,"featured_media":0,"parent":0,"menu_order":0,"comment_status":"closed","ping_status":"closed","template":"","meta":{"_uag_custom_page_level_css":"","advgb_blocks_editor_width":"","advgb_blocks_columns_visual_guide":"","neve_meta_sidebar":"default","neve_meta_container":"","neve_meta_enable_content_width":"off","neve_meta_content_width":100,"neve_meta_title_alignment":"","neve_meta_author_avatar":"","neve_post_elements_order":"","neve_meta_disable_header":"","neve_meta_disable_footer":"","neve_meta_disable_title":"on","footnotes":""},"class_list":["post-1171","page","type-page","status-publish","hentry"],"featured_image_src":null,"featured_image_src_square":null,"uagb_featured_image_src":{"full":false,"thumbnail":false,"medium":false,"medium_large":false,"large":false,"tf-client-image-size":false,"1536x1536":false,"2048x2048":false,"gb-block-post-grid-landscape":false,"gb-block-post-grid-square":false,"neve-blog":false},"uagb_author_info":{"display_name":"pelsman","author_link":"https:\/\/www.nestorgimenez.com\/index.php\/author\/pelsman\/"},"uagb_comment_info":0,"uagb_excerpt":"Raw Trio (Rock Music) Instrumental, hooligan played, cover based music Andreu Moreno, drums N\u00e9stor Gim\u00e9nez, piano Manel Forti\u00e0, bass Videos","coauthors":[],"author_meta":{"author_link":"https:\/\/www.nestorgimenez.com\/index.php\/author\/pelsman\/","display_name":"pelsman"},"relative_dates":{"created":"Posted 5 years ago","modified":"Updated 3 years ago"},"absolute_dates":{"created":"Posted on 24 February, 2021","modified":"Updated on 27 June, 2023"},"absolute_dates_time":{"created":"Posted on 24 February, 2021 12:11 am","modified":"Updated on 27 June, 2023 9:32 am"},"featured_img_caption":"","featured_img":false,"series_order":"","_links":{"self":[{"href":"https:\/\/www.nestorgimenez.com\/index.php\/wp-json\/wp\/v2\/pages\/1171","targetHints":{"allow":["GET"]}}],"collection":[{"href":"https:\/\/www.nestorgimenez.com\/index.php\/wp-json\/wp\/v2\/pages"}],"about":[{"href":"https:\/\/www.nestorgimenez.com\/index.php\/wp-json\/wp\/v2\/types\/page"}],"author":[{"embeddable":true,"href":"https:\/\/www.nestorgimenez.com\/index.php\/wp-json\/wp\/v2\/users\/1"}],"replies":[{"embeddable":true,"href":"https:\/\/www.nestorgimenez.com\/index.php\/wp-json\/wp\/v2\/comments?post=1171"}],"version-history":[{"count":7,"href":"https:\/\/www.nestorgimenez.com\/index.php\/wp-json\/wp\/v2\/pages\/1171\/revisions"}],"predecessor-version":[{"id":1660,"href":"https:\/\/www.nestorgimenez.com\/index.php\/wp-json\/wp\/v2\/pages\/1171\/revisions\/1660"}],"wp:attachment":[{"href":"https:\/\/www.nestorgimenez.com\/index.php\/wp-json\/wp\/v2\/media?parent=1171"}],"curies":[{"name":"wp","href":"https:\/\/api.w.org\/{rel}","templated":true}]}}