{"id":1190,"date":"2021-02-24T00:24:33","date_gmt":"2021-02-24T00:24:33","guid":{"rendered":"http:\/\/www.nestorgimenez.com\/?page_id=1190"},"modified":"2023-06-27T09:32:32","modified_gmt":"2023-06-27T09:32:32","slug":"stn","status":"publish","type":"page","link":"https:\/\/www.nestorgimenez.com\/index.php\/stn\/","title":{"rendered":"STN!"},"content":{"rendered":"\n<h1 class=\"wp-block-heading has-text-align-center advgb-dyn-b8750f10\">STN!<\/h1>\n\n\n\n<h4 class=\"wp-block-heading has-text-align-center advgb-dyn-9b2387df\" id=\"lunar-music-4614f0d3-0605-409f-ae4c-aaa1944b0ba6\">(Network Music)<\/h4>\n\n\n\n<h6 class=\"wp-block-heading has-text-align-center advgb-dyn-aa76e7aa\" id=\"mostly-instrumental-heavily-thought-conceptually-balanced-between-composition-and-improvisation-music-7ba7f687-e50e-4631-bd6e-b5604b5e8db6\">Mostly instrumental, network oriented, based on friendship music<\/h6>\n\n\n\n<div style=\"height:60px\" aria-hidden=\"true\" class=\"wp-block-spacer advgb-dyn-377da97f\"><\/div>\n\n\n\n<div class=\"wp-block-group advgb-dyn-069c0292\"><div class=\"wp-block-group__inner-container is-layout-flow wp-block-group-is-layout-flow\">\n<figure class=\"wp-block-image alignwide size-large\"><img loading=\"lazy\" decoding=\"async\" width=\"1024\" height=\"260\" src=\"http:\/\/www.nestorgimenez.com\/wp-content\/uploads\/2019\/04\/STN2web-1024x260.jpg\" alt=\"\" class=\"wp-image-491\" srcset=\"https:\/\/www.nestorgimenez.com\/wp-content\/uploads\/2019\/04\/STN2web-1024x260.jpg 1024w, https:\/\/www.nestorgimenez.com\/wp-content\/uploads\/2019\/04\/STN2web-300x76.jpg 300w, https:\/\/www.nestorgimenez.com\/wp-content\/uploads\/2019\/04\/STN2web-768x195.jpg 768w, https:\/\/www.nestorgimenez.com\/wp-content\/uploads\/2019\/04\/STN2web-830x211.jpg 830w, https:\/\/www.nestorgimenez.com\/wp-content\/uploads\/2019\/04\/STN2web-230x58.jpg 230w, https:\/\/www.nestorgimenez.com\/wp-content\/uploads\/2019\/04\/STN2web-350x89.jpg 350w, https:\/\/www.nestorgimenez.com\/wp-content\/uploads\/2019\/04\/STN2web-480x122.jpg 480w\" sizes=\"auto, (max-width: 1024px) 100vw, 1024px\" \/><\/figure>\n\n\n\n<div class=\"wp-block-columns alignwide is-layout-flex wp-container-core-columns-is-layout-9d6595d7 wp-block-columns-is-layout-flex\">\n<div class=\"wp-block-column is-layout-flow wp-block-column-is-layout-flow\">\n<p class=\"has-text-align-center\">Joan Terol, drums<\/p>\n<\/div>\n\n\n\n<div class=\"wp-block-column is-layout-flow wp-block-column-is-layout-flow\">\n<p class=\"has-text-align-center\">Vic Moliner, bass<\/p>\n<\/div>\n\n\n\n<div class=\"wp-block-column is-layout-flow wp-block-column-is-layout-flow\">\n<p class=\"has-text-align-center\">N\u00e9stor Gim\u00e9nez, piano<\/p>\n<\/div>\n\n\n\n<div class=\"wp-block-column is-layout-flow wp-block-column-is-layout-flow\">\n<p class=\"has-text-align-center\">Adri\u00e0 Plana, guitarra<\/p>\n<\/div>\n<\/div>\n\n\n\n<h2 class=\"wp-block-heading has-text-align-center advgb-dyn-447b91da\">Discography<\/h2>\n\n\n\n<div class=\"wp-block-uagb-separator uagb-block-621e4586\"><div class=\"wp-block-uagb-separator__inner\" style=\"--my-background-image:\"><\/div><\/div>\n\n\n\n<div style=\"height:35px\" aria-hidden=\"true\" class=\"wp-block-spacer advgb-dyn-bcfcbbe5\"><\/div>\n<\/div><\/div>\n\n\n<!-- PhotoBlocks for WordPress v1.3.3 free --><style> #photoblocks-6 {width: 100%;} #photoblocks-6 .pb-block {border-color: #333333;} #photoblocks-6 .pb-title {color: #ffffff;font-size: 20px;} #photoblocks-6 .pb-description {color: rgba(255, 255, 255, 0.7);font-size: 14px;} #photoblocks-6 .pb-block.pb-type-text .pb-overlay {} #photoblocks-6 .pb-block.pb-type-text .pb-title, #photoblocks-6 .pb-block.pb-type-text .pb-description {} #photoblocks-6 .pb-block.pb-type-text .pb-title {} #photoblocks-6 .pb-block.pb-type-text .pb-description {} #photoblocks-6 .pb-overlay { background: transparent; } #photoblocks-6.pb-effect-sticky .pb-block.pb-type-image .pb-overlay .pb-caption-bottom {background: rgba(0, 0, 0, 0.3);} #photoblocks-6.pb-lift.show-empty-overlay .pb-block.pb-type-image:hover, #photoblocks-6.pb-lift .pb-block.pb-type-image.with-text:hover { box-shadow: rgba(0, 0, 0, 0.3) 0 0 20px; } #photoblocks-6 .pb-block { } #photoblocks-6 .pb-block .pb-social button {color: #ffffff;font-size: 14px;} #photoblocks-6 .pb-blocks .pb-type-image {max-width: calc( 100% - 10px )}<\/style><div class=\"photoblocks-gallery pb-blur pb-lift pb-effect-sticky\" data-anim=\"fade\" id=\"photoblocks-6\"> <div class=\"pb-blocks\"> <div class=\"pb-block with-text with-social-or-text pb-portrait pb-height pb-type-image \" style=\"\" data-colspan=\"1\" data-rowspan=\"1\" data-col=\"0\" data-row=\"0\" data-valign=\"center\" data-halign=\"center\" data-type=\"image\" data-ratio=\"1\"> <img decoding=\"async\" class=\"pb-image skip-lazy \" src=\"data:image\/png;base64,iVBORw0KGgoAAAANSUhEUgAAAAEAAAABCAYAAAAfFcSJAAAADUlEQVR42mNkYPhfDwAChwGA60e6kgAAAABJRU5ErkJggg==\" data-pb-source=\"https:\/\/www.nestorgimenez.com\/wp-content\/uploads\/2021\/02\/Un-pas-mes-quadrat.jpg\" alt=\"Step The Next: Un pas m\u00e9sQuadrant Records (2010)\"> <noscript><img decoding=\"async\" src=\"http:\/\/www.nestorgimenez.com\/wp-content\/uploads\/2021\/02\/Un-pas-mes-quadrat.jpg\" alt=\"Step The Next: Un pas m\u00e9sQuadrant Records (2010)\"><\/noscript> <a class=\"pb-link \" data-caption=\"\" rel=\"\" target=\"_blank\" href=\"https:\/\/www.amazon.es\/Pas-M%C3%A9s-Step-Next\/dp\/B01B89ERKU\/ref=sr_1_1?__mk_es_ES=%C3%85M%C3%85%C5%BD%C3%95%C3%91&keywords=step+the+next+un+pas+mes&qid=1556656938&s=gateway&sr=8-1-spell\"> <div class=\"pb-overlay\" style=\"\"> <div class=\"pb-caption-bottom\"> <span class=\"pb-title pb-caption-center\" style=\"\">Step The Next: Un pas m\u00e9s<\/br>Quadrant Records (2010)<\/span> <\/div> <\/div> <\/a> <\/div> <div class=\"pb-block with-text with-social-or-text pb-portrait pb-height pb-type-image \" style=\"\" data-colspan=\"1\" data-rowspan=\"1\" data-col=\"1\" data-row=\"0\" data-valign=\"center\" data-halign=\"center\" data-type=\"image\" data-ratio=\"1\"> <img decoding=\"async\" class=\"pb-image skip-lazy \" src=\"data:image\/png;base64,iVBORw0KGgoAAAANSUhEUgAAAAEAAAABCAYAAAAfFcSJAAAADUlEQVR42mNkYPhfDwAChwGA60e6kgAAAABJRU5ErkJggg==\" data-pb-source=\"https:\/\/www.nestorgimenez.com\/wp-content\/uploads\/2021\/02\/portada-capsigranys-quadrat.jpg\" alt=\"STN!: CapsigranysAutoeditat (2013)\"> <noscript><img decoding=\"async\" src=\"http:\/\/www.nestorgimenez.com\/wp-content\/uploads\/2021\/02\/portada-capsigranys-quadrat.jpg\" alt=\"STN!: CapsigranysAutoeditat (2013)\"><\/noscript> <a class=\"pb-link \" data-caption=\"\" rel=\"\" target=\"_blank\" href=\"https:\/\/www.amazon.es\/Capsigranys-STN\/dp\/B014L4JVD2\/ref=sr_1_1?__mk_es_ES=%C3%85M%C3%85%C5%BD%C3%95%C3%91&keywords=stn%21+capsigranys&qid=1556656852&s=gateway&sr=8-1\"> <div class=\"pb-overlay\" style=\"\"> <div class=\"pb-caption-bottom\"> <span class=\"pb-title pb-caption-center\" style=\"\">STN!: Capsigranys<\/br>Autoeditat (2013)<\/span> <\/div> <\/div> <\/a> <\/div> <\/div><\/div><div id=\"photoblocks-fancybox-6\"><\/div><script>jQuery(function () { var p = new PhotoBlocks({ selector: \"#photoblocks-6\", columns: 2, padding: 10, disable_below: 320, on: { before: function () { }, after: function () { }, refresh: function () { } }, mobile_layout: [], lazy: false, debug: false }); jQuery(\"#photoblocks-6\").magnificPopup({ delegate: \".pb-block:not(.pb-filtered) [data-magnific]\", type: \"image\", gallery: { enabled: true, preload: [0,2] }, image: { titleSrc: 'data-caption' }, mainClass: \"mfp-6\" }); });<\/script>\n\n\n\n<div style=\"height:60px\" aria-hidden=\"true\" class=\"wp-block-spacer advgb-dyn-377da97f\"><\/div>\n\n\n\n<h2 class=\"wp-block-heading has-text-align-center advgb-dyn-a0cccc8e\" id=\"videos-94e464ba-e7fb-491c-92ad-6a2b60b19f3d\">Videos<\/h2>\n\n\n\n<div class=\"wp-block-uagb-separator uagb-block-82e49826\"><div class=\"wp-block-uagb-separator__inner\" style=\"--my-background-image:\"><\/div><\/div>\n\n\n\n<div style=\"height:50px\" aria-hidden=\"true\" class=\"wp-block-spacer advgb-dyn-a1f5334f\"><\/div>\n\n\n<div class=\"epyt-gallery\" data-currpage=\"1\" id=\"epyt_gallery_29778\"><div class=\"epyt-video-wrapper\"><iframe loading=\"lazy\"  id=\"_ytid_34921\"  width=\"1200\" height=\"675\"  data-origwidth=\"1200\" data-origheight=\"675\" src=\"https:\/\/www.youtube.com\/embed\/rqAYK2H014M?enablejsapi=1&autoplay=0&cc_load_policy=0&cc_lang_pref=&iv_load_policy=1&loop=0&rel=1&fs=1&playsinline=0&autohide=2&theme=dark&color=red&controls=1&disablekb=0&\" class=\"__youtube_prefs__  no-lazyload\" title=\"YouTube player\"  data-epytgalleryid=\"epyt_gallery_29778\"  allow=\"fullscreen; accelerometer; autoplay; clipboard-write; encrypted-media; gyroscope; picture-in-picture; web-share\" referrerpolicy=\"strict-origin-when-cross-origin\" allowfullscreen data-no-lazy=\"1\" data-skipgform_ajax_framebjll=\"\"><\/iframe><\/div><div class=\"epyt-gallery-list\"><div class=\"epyt-pagination \"><div tabindex=\"0\" role=\"button\" class=\"epyt-pagebutton epyt-prev  hide \" data-playlistid=\"PL_eSrrDt28ASgiNwEJr8HvIhCEB8v44L-\" data-pagesize=\"10\" data-pagetoken=\"\" data-epcolumns=\"5\" data-showtitle=\"1\" data-showpaging=\"1\" data-autonext=\"0\" data-thumbplay=\"1\"><div class=\"epyt-arrow\">&laquo;<\/div> <div>Prev<\/div><\/div><div class=\"epyt-pagenumbers \"><div class=\"epyt-current\">1<\/div><div class=\"epyt-pageseparator\"> \/ <\/div><div class=\"epyt-totalpages\">2<\/div><\/div><div tabindex=\"0\" role=\"button\" class=\"epyt-pagebutton epyt-next\" data-playlistid=\"PL_eSrrDt28ASgiNwEJr8HvIhCEB8v44L-\" data-pagesize=\"10\" data-pagetoken=\"EAAaHlBUOkNBb2lFRGMwT0VWRk9EQTVORVJGTlRoR09EYw\" data-epcolumns=\"5\" data-showtitle=\"1\" data-showpaging=\"1\" data-autonext=\"0\" data-thumbplay=\"1\"><div>Next<\/div> <div class=\"epyt-arrow\">&raquo;<\/div><\/div><div class=\"epyt-loader\"><img loading=\"lazy\" decoding=\"async\" alt=\"loading\" width=\"16\" height=\"11\" src=\"https:\/\/www.nestorgimenez.com\/wp-content\/plugins\/youtube-embed-plus\/images\/gallery-page-loader.gif\"><\/div><\/div><div class=\"epyt-gallery-allthumbs  epyt-cols-5 \"><div tabindex=\"0\" role=\"button\" data-videoid=\"rqAYK2H014M\" class=\"epyt-gallery-thumb\"><div class=\"epyt-gallery-img-box\"><div class=\"epyt-gallery-img\" style=\"background-image: url(https:\/\/i.ytimg.com\/vi\/rqAYK2H014M\/hqdefault.jpg)\"><div class=\"epyt-gallery-playhover\"><img loading=\"lazy\" decoding=\"async\" alt=\"play\" class=\"epyt-play-img\" width=\"30\" height=\"23\" src=\"https:\/\/www.nestorgimenez.com\/wp-content\/plugins\/youtube-embed-plus\/images\/playhover.png\" data-no-lazy=\"1\" data-skipgform_ajax_framebjll=\"\" \/><div class=\"epyt-gallery-playcrutch\"><\/div><\/div><\/div><\/div><div class=\"epyt-gallery-title\">Can\u00e7\u00f3 del lladre - STN! CANTA amb Ferran Savall<\/div><\/div><div tabindex=\"0\" role=\"button\" data-videoid=\"0PqvJIaYk3M\" class=\"epyt-gallery-thumb\"><div class=\"epyt-gallery-img-box\"><div class=\"epyt-gallery-img\" style=\"background-image: url(https:\/\/i.ytimg.com\/vi\/0PqvJIaYk3M\/hqdefault.jpg)\"><div class=\"epyt-gallery-playhover\"><img loading=\"lazy\" decoding=\"async\" alt=\"play\" class=\"epyt-play-img\" width=\"30\" height=\"23\" src=\"https:\/\/www.nestorgimenez.com\/wp-content\/plugins\/youtube-embed-plus\/images\/playhover.png\" data-no-lazy=\"1\" data-skipgform_ajax_framebjll=\"\" \/><div class=\"epyt-gallery-playcrutch\"><\/div><\/div><\/div><\/div><div class=\"epyt-gallery-title\">Cants de batre - STN! CANTA amb Carles D\u00e9nia<\/div><\/div><div tabindex=\"0\" role=\"button\" data-videoid=\"Lisu1k8loyQ\" class=\"epyt-gallery-thumb\"><div class=\"epyt-gallery-img-box\"><div class=\"epyt-gallery-img\" style=\"background-image: url(https:\/\/i.ytimg.com\/vi\/Lisu1k8loyQ\/hqdefault.jpg)\"><div class=\"epyt-gallery-playhover\"><img loading=\"lazy\" decoding=\"async\" alt=\"play\" class=\"epyt-play-img\" width=\"30\" height=\"23\" src=\"https:\/\/www.nestorgimenez.com\/wp-content\/plugins\/youtube-embed-plus\/images\/playhover.png\" data-no-lazy=\"1\" data-skipgform_ajax_framebjll=\"\" \/><div class=\"epyt-gallery-playcrutch\"><\/div><\/div><\/div><\/div><div class=\"epyt-gallery-title\">STN! CANTA amb Mariona Castillo - On my own (Les Miserables)<\/div><\/div><div tabindex=\"0\" role=\"button\" data-videoid=\"kZUkNotOWEM\" class=\"epyt-gallery-thumb\"><div class=\"epyt-gallery-img-box\"><div class=\"epyt-gallery-img\" style=\"background-image: url(https:\/\/i.ytimg.com\/vi\/kZUkNotOWEM\/hqdefault.jpg)\"><div class=\"epyt-gallery-playhover\"><img loading=\"lazy\" decoding=\"async\" alt=\"play\" class=\"epyt-play-img\" width=\"30\" height=\"23\" src=\"https:\/\/www.nestorgimenez.com\/wp-content\/plugins\/youtube-embed-plus\/images\/playhover.png\" data-no-lazy=\"1\" data-skipgform_ajax_framebjll=\"\" \/><div class=\"epyt-gallery-playcrutch\"><\/div><\/div><\/div><\/div><div class=\"epyt-gallery-title\">V\u00eddeo promocional STN! CANTA amb Joan Colomo<\/div><\/div><div tabindex=\"0\" role=\"button\" data-videoid=\"fW4CrIUIZZw\" class=\"epyt-gallery-thumb\"><div class=\"epyt-gallery-img-box\"><div class=\"epyt-gallery-img\" style=\"background-image: url(https:\/\/i.ytimg.com\/vi\/fW4CrIUIZZw\/hqdefault.jpg)\"><div class=\"epyt-gallery-playhover\"><img loading=\"lazy\" decoding=\"async\" alt=\"play\" class=\"epyt-play-img\" width=\"30\" height=\"23\" src=\"https:\/\/www.nestorgimenez.com\/wp-content\/plugins\/youtube-embed-plus\/images\/playhover.png\" data-no-lazy=\"1\" data-skipgform_ajax_framebjll=\"\" \/><div class=\"epyt-gallery-playcrutch\"><\/div><\/div><\/div><\/div><div class=\"epyt-gallery-title\">STN! BATALLA amb Jordi Rossy<\/div><\/div><div class=\"epyt-gallery-rowbreak\"><\/div><div tabindex=\"0\" role=\"button\" data-videoid=\"UZZsVUiq2-E\" class=\"epyt-gallery-thumb\"><div class=\"epyt-gallery-img-box\"><div class=\"epyt-gallery-img\" style=\"background-image: url(https:\/\/i.ytimg.com\/vi\/UZZsVUiq2-E\/hqdefault.jpg)\"><div class=\"epyt-gallery-playhover\"><img loading=\"lazy\" decoding=\"async\" alt=\"play\" class=\"epyt-play-img\" width=\"30\" height=\"23\" src=\"https:\/\/www.nestorgimenez.com\/wp-content\/plugins\/youtube-embed-plus\/images\/playhover.png\" data-no-lazy=\"1\" data-skipgform_ajax_framebjll=\"\" \/><div class=\"epyt-gallery-playcrutch\"><\/div><\/div><\/div><\/div><div class=\"epyt-gallery-title\">STN! BATALLA amb Llui\u0301s Vidal<\/div><\/div><div tabindex=\"0\" role=\"button\" data-videoid=\"XsVrI7SgBpo\" class=\"epyt-gallery-thumb\"><div class=\"epyt-gallery-img-box\"><div class=\"epyt-gallery-img\" style=\"background-image: url(https:\/\/i.ytimg.com\/vi\/XsVrI7SgBpo\/hqdefault.jpg)\"><div class=\"epyt-gallery-playhover\"><img loading=\"lazy\" decoding=\"async\" alt=\"play\" class=\"epyt-play-img\" width=\"30\" height=\"23\" src=\"https:\/\/www.nestorgimenez.com\/wp-content\/plugins\/youtube-embed-plus\/images\/playhover.png\" data-no-lazy=\"1\" data-skipgform_ajax_framebjll=\"\" \/><div class=\"epyt-gallery-playcrutch\"><\/div><\/div><\/div><\/div><div class=\"epyt-gallery-title\">V\u00eddeo promocional STN! BATALLA amb Masa Kamaguchi<\/div><\/div><div tabindex=\"0\" role=\"button\" data-videoid=\"XzpYZERqlqo\" class=\"epyt-gallery-thumb\"><div class=\"epyt-gallery-img-box\"><div class=\"epyt-gallery-img\" style=\"background-image: url(https:\/\/i.ytimg.com\/vi\/XzpYZERqlqo\/hqdefault.jpg)\"><div class=\"epyt-gallery-playhover\"><img loading=\"lazy\" decoding=\"async\" alt=\"play\" class=\"epyt-play-img\" width=\"30\" height=\"23\" src=\"https:\/\/www.nestorgimenez.com\/wp-content\/plugins\/youtube-embed-plus\/images\/playhover.png\" data-no-lazy=\"1\" data-skipgform_ajax_framebjll=\"\" \/><div class=\"epyt-gallery-playcrutch\"><\/div><\/div><\/div><\/div><div class=\"epyt-gallery-title\">V\u00eddeo promocional STN! BATALLA amb Jordi Matas<\/div><\/div><div class=\"epyt-gallery-clear\"><\/div><\/div><div class=\"epyt-pagination \"><div tabindex=\"0\" role=\"button\" class=\"epyt-pagebutton epyt-prev  hide \" data-playlistid=\"PL_eSrrDt28ASgiNwEJr8HvIhCEB8v44L-\" data-pagesize=\"10\" data-pagetoken=\"\" data-epcolumns=\"5\" data-showtitle=\"1\" data-showpaging=\"1\" data-autonext=\"0\" data-thumbplay=\"1\"><div class=\"epyt-arrow\">&laquo;<\/div> <div>Prev<\/div><\/div><div class=\"epyt-pagenumbers \"><div class=\"epyt-current\">1<\/div><div class=\"epyt-pageseparator\"> \/ <\/div><div class=\"epyt-totalpages\">2<\/div><\/div><div tabindex=\"0\" role=\"button\" class=\"epyt-pagebutton epyt-next\" data-playlistid=\"PL_eSrrDt28ASgiNwEJr8HvIhCEB8v44L-\" data-pagesize=\"10\" data-pagetoken=\"EAAaHlBUOkNBb2lFRGMwT0VWRk9EQTVORVJGTlRoR09EYw\" data-epcolumns=\"5\" data-showtitle=\"1\" data-showpaging=\"1\" data-autonext=\"0\" data-thumbplay=\"1\"><div>Next<\/div> <div class=\"epyt-arrow\">&raquo;<\/div><\/div><div class=\"epyt-loader\"><img loading=\"lazy\" decoding=\"async\" alt=\"loading\" width=\"16\" height=\"11\" src=\"https:\/\/www.nestorgimenez.com\/wp-content\/plugins\/youtube-embed-plus\/images\/gallery-page-loader.gif\"><\/div><\/div><\/div><\/div>\n","protected":false},"excerpt":{"rendered":"<p>STN! (Network Music) Mostly instrumental, network oriented, based on friendship music Joan Terol, drums Vic Moliner, bass N\u00e9stor Gim\u00e9nez, piano Adri\u00e0 Plana, guitarra Discography Videos<\/p>\n","protected":false},"author":1,"featured_media":0,"parent":0,"menu_order":0,"comment_status":"closed","ping_status":"closed","template":"","meta":{"_uag_custom_page_level_css":"","advgb_blocks_editor_width":"","advgb_blocks_columns_visual_guide":"","neve_meta_sidebar":"default","neve_meta_container":"","neve_meta_enable_content_width":"off","neve_meta_content_width":100,"neve_meta_title_alignment":"","neve_meta_author_avatar":"","neve_post_elements_order":"","neve_meta_disable_header":"","neve_meta_disable_footer":"","neve_meta_disable_title":"on","footnotes":""},"class_list":["post-1190","page","type-page","status-publish","hentry"],"featured_image_src":null,"featured_image_src_square":null,"uagb_featured_image_src":{"full":false,"thumbnail":false,"medium":false,"medium_large":false,"large":false,"tf-client-image-size":false,"1536x1536":false,"2048x2048":false,"gb-block-post-grid-landscape":false,"gb-block-post-grid-square":false,"neve-blog":false},"uagb_author_info":{"display_name":"pelsman","author_link":"https:\/\/www.nestorgimenez.com\/index.php\/author\/pelsman\/"},"uagb_comment_info":0,"uagb_excerpt":"STN! (Network Music) Mostly instrumental, network oriented, based on friendship music Joan Terol, drums Vic Moliner, bass N\u00e9stor Gim\u00e9nez, piano Adri\u00e0 Plana, guitarra Discography Videos","coauthors":[],"author_meta":{"author_link":"https:\/\/www.nestorgimenez.com\/index.php\/author\/pelsman\/","display_name":"pelsman"},"relative_dates":{"created":"Posted 5 years ago","modified":"Updated 3 years ago"},"absolute_dates":{"created":"Posted on 24 February, 2021","modified":"Updated on 27 June, 2023"},"absolute_dates_time":{"created":"Posted on 24 February, 2021 12:24 am","modified":"Updated on 27 June, 2023 9:32 am"},"featured_img_caption":"","featured_img":false,"series_order":"","_links":{"self":[{"href":"https:\/\/www.nestorgimenez.com\/index.php\/wp-json\/wp\/v2\/pages\/1190","targetHints":{"allow":["GET"]}}],"collection":[{"href":"https:\/\/www.nestorgimenez.com\/index.php\/wp-json\/wp\/v2\/pages"}],"about":[{"href":"https:\/\/www.nestorgimenez.com\/index.php\/wp-json\/wp\/v2\/types\/page"}],"author":[{"embeddable":true,"href":"https:\/\/www.nestorgimenez.com\/index.php\/wp-json\/wp\/v2\/users\/1"}],"replies":[{"embeddable":true,"href":"https:\/\/www.nestorgimenez.com\/index.php\/wp-json\/wp\/v2\/comments?post=1190"}],"version-history":[{"count":8,"href":"https:\/\/www.nestorgimenez.com\/index.php\/wp-json\/wp\/v2\/pages\/1190\/revisions"}],"predecessor-version":[{"id":1661,"href":"https:\/\/www.nestorgimenez.com\/index.php\/wp-json\/wp\/v2\/pages\/1190\/revisions\/1661"}],"wp:attachment":[{"href":"https:\/\/www.nestorgimenez.com\/index.php\/wp-json\/wp\/v2\/media?parent=1190"}],"curies":[{"name":"wp","href":"https:\/\/api.w.org\/{rel}","templated":true}]}}