{"id":1206,"date":"2021-02-25T14:44:14","date_gmt":"2021-02-25T14:44:14","guid":{"rendered":"http:\/\/www.nestorgimenez.com\/?page_id=1206"},"modified":"2023-06-27T09:31:23","modified_gmt":"2023-06-27T09:31:23","slug":"nestorgimenezpocketorchestra","status":"publish","type":"page","link":"https:\/\/www.nestorgimenez.com\/index.php\/nestorgimenezpocketorchestra\/","title":{"rendered":"N\u00e9stor Gim\u00e9nez Pocket Orchestra"},"content":{"rendered":"\n<h1 class=\"wp-block-heading has-text-align-center advgb-dyn-a9fe8755\">N\u00e9stor Gim\u00e9nez Pocket Orchestra<\/h1>\n\n\n\n<h4 class=\"wp-block-heading has-text-align-center advgb-dyn-cb95a885\" id=\"lunar-music-4614f0d3-0605-409f-ae4c-aaa1944b0ba6\">(Chamber Music)<\/h4>\n\n\n\n<h6 class=\"wp-block-heading has-text-align-center advgb-dyn-fd9b76f7\" id=\"mostly-instrumental-heavily-thought-conceptually-balanced-between-composition-and-improvisation-music-7ba7f687-e50e-4631-bd6e-b5604b5e8db6\">Instrumental, chamberly worked, a bit improvised, orchestrally aimed music<\/h6>\n\n\n\n<div style=\"height:60px\" aria-hidden=\"true\" class=\"wp-block-spacer advgb-dyn-377da97f\"><\/div>\n\n\n\n<div class=\"wp-block-group advgb-dyn-069c0292\"><div class=\"wp-block-group__inner-container is-layout-flow wp-block-group-is-layout-flow\">\n<figure class=\"wp-block-image alignwide size-large\"><img loading=\"lazy\" decoding=\"async\" width=\"1024\" height=\"317\" src=\"http:\/\/www.nestorgimenez.com\/wp-content\/uploads\/2021\/07\/Nestor-Gimenez-sessio-42-scaled-e1625836262189-1024x317.jpg\" alt=\"\" class=\"wp-image-1386\" srcset=\"https:\/\/www.nestorgimenez.com\/wp-content\/uploads\/2021\/07\/Nestor-Gimenez-sessio-42-scaled-e1625836262189-1024x317.jpg 1024w, https:\/\/www.nestorgimenez.com\/wp-content\/uploads\/2021\/07\/Nestor-Gimenez-sessio-42-scaled-e1625836262189-300x93.jpg 300w, https:\/\/www.nestorgimenez.com\/wp-content\/uploads\/2021\/07\/Nestor-Gimenez-sessio-42-scaled-e1625836262189-768x238.jpg 768w, https:\/\/www.nestorgimenez.com\/wp-content\/uploads\/2021\/07\/Nestor-Gimenez-sessio-42-scaled-e1625836262189-1536x476.jpg 1536w, https:\/\/www.nestorgimenez.com\/wp-content\/uploads\/2021\/07\/Nestor-Gimenez-sessio-42-scaled-e1625836262189-2048x634.jpg 2048w\" sizes=\"auto, (max-width: 1024px) 100vw, 1024px\" \/><\/figure>\n\n\n\n<div class=\"wp-block-columns alignwide is-layout-flex wp-container-core-columns-is-layout-9d6595d7 wp-block-columns-is-layout-flex\">\n<div class=\"wp-block-column is-layout-flow wp-block-column-is-layout-flow\">\n<p class=\"has-text-align-center\">Gabriel Amargant, clarinet<\/p>\n<\/div>\n\n\n\n<div class=\"wp-block-column is-layout-flow wp-block-column-is-layout-flow\">\n<p class=\"has-text-align-center\">N\u00e9stor Gim\u00e9nez, piano<\/p>\n<\/div>\n\n\n\n<div class=\"wp-block-column is-layout-flow wp-block-column-is-layout-flow\">\n<p class=\"has-text-align-center\">Adri\u00e0 Plana, guitarra<\/p>\n<\/div>\n\n\n\n<div class=\"wp-block-column is-layout-flow wp-block-column-is-layout-flow\">\n<p class=\"has-text-align-center\">Jaume Guri, viol\u00ed<\/p>\n<\/div>\n<\/div>\n\n\n\n<h2 class=\"wp-block-heading has-text-align-center advgb-dyn-447b91da\">Discography<\/h2>\n\n\n\n<div class=\"wp-block-uagb-separator uagb-block-b0e0dbad\"><div class=\"wp-block-uagb-separator__inner\" style=\"--my-background-image:\"><\/div><\/div>\n\n\n\n<div style=\"height:35px\" aria-hidden=\"true\" class=\"wp-block-spacer advgb-dyn-bcfcbbe5\"><\/div>\n<\/div><\/div>\n\n\n<!-- PhotoBlocks for WordPress v1.3.3 free --><style> #photoblocks-9 {width: 100%;} #photoblocks-9 .pb-block {border-color: #333333;} #photoblocks-9 .pb-title {color: rgba(255, 255, 255, 1);font-size: 20px;} #photoblocks-9 .pb-description {color: rgba(255, 255, 255, 0.7);font-size: 14px;} #photoblocks-9 .pb-block.pb-type-text .pb-overlay {} #photoblocks-9 .pb-block.pb-type-text .pb-title, #photoblocks-9 .pb-block.pb-type-text .pb-description {} #photoblocks-9 .pb-block.pb-type-text .pb-title {} #photoblocks-9 .pb-block.pb-type-text .pb-description {} #photoblocks-9 .pb-overlay { background: transparent; } #photoblocks-9.pb-effect-sticky .pb-block.pb-type-image .pb-overlay .pb-caption-bottom {background: rgba(0, 0, 0, 0.3);} #photoblocks-9.pb-lift.show-empty-overlay .pb-block.pb-type-image:hover, #photoblocks-9.pb-lift .pb-block.pb-type-image.with-text:hover { box-shadow: rgba(0, 0, 0, 0.3) 0 0 20px; } #photoblocks-9 .pb-block { } #photoblocks-9 .pb-block .pb-social button {color: rgba(255, 255, 255, 1);font-size: 14px;} #photoblocks-9 .pb-blocks .pb-type-image {max-width: calc( 100% - 10px )}<\/style><div class=\"photoblocks-gallery pb-blur pb-lift pb-effect-sticky\" data-anim=\"fade\" id=\"photoblocks-9\"> <div class=\"pb-blocks\"> <div class=\"pb-block pb-portrait pb-height pb-type-image \" style=\"\" data-colspan=\"1\" data-rowspan=\"1\" data-col=\"0\" data-row=\"0\" data-valign=\"center\" data-halign=\"center\" data-type=\"image\" data-ratio=\"1\"> <img decoding=\"async\" class=\"pb-image skip-lazy \" src=\"data:image\/png;base64,iVBORw0KGgoAAAANSUhEUgAAAAEAAAABCAYAAAAfFcSJAAAADUlEQVR42mNkYPhfDwAChwGA60e6kgAAAABJRU5ErkJggg==\" data-pb-source=\"https:\/\/www.nestorgimenez.com\/wp-content\/uploads\/2021\/02\/Disco-blanco.jpg\" alt=\"\"> <noscript><img decoding=\"async\" src=\"http:\/\/www.nestorgimenez.com\/wp-content\/uploads\/2021\/02\/Disco-blanco.jpg\" alt=\"\"><\/noscript> <a class=\"pb-link \" data-magnific=\"gallery-9\" data-caption=\"\" rel=\"\" target=\"\" href=\"https:\/\/www.nestorgimenez.com\/wp-content\/uploads\/2021\/02\/Disco-blanco.jpg\"> <\/a> <\/div> <div class=\"pb-block with-text with-social-or-text pb-portrait pb-height pb-type-image \" style=\"\" data-colspan=\"1\" data-rowspan=\"1\" data-col=\"1\" data-row=\"0\" data-valign=\"center\" data-halign=\"center\" data-type=\"image\" data-ratio=\"1\"> <img decoding=\"async\" class=\"pb-image skip-lazy \" src=\"data:image\/png;base64,iVBORw0KGgoAAAANSUhEUgAAAAEAAAABCAYAAAAfFcSJAAAADUlEQVR42mNkYPhfDwAChwGA60e6kgAAAABJRU5ErkJggg==\" data-pb-source=\"https:\/\/www.nestorgimenez.com\/wp-content\/uploads\/2021\/11\/Portada-digital-TETRALOGY-1024x1024.jpg\" alt=\"N\u00e9stor Gim\u00e9nez Pocket Orchestra: TetralogySeed Music 2021\"> <noscript><img decoding=\"async\" src=\"http:\/\/www.nestorgimenez.com\/wp-content\/uploads\/2021\/11\/Portada-digital-TETRALOGY-scaled.jpg\" alt=\"N\u00e9stor Gim\u00e9nez Pocket Orchestra: TetralogySeed Music 2021\"><\/noscript> <a class=\"pb-link \" data-caption=\"\" rel=\"\" target=\"_blank\" href=\"https:\/\/seedmusic.eu\/album\/tetralogy\/\"> <div class=\"pb-overlay\" style=\"\"> <div class=\"pb-caption-bottom\"> <span class=\"pb-title pb-caption-center\" style=\"\">N\u00e9stor Gim\u00e9nez Pocket Orchestra: Tetralogy<\/br>Seed Music 2021<\/span> <\/div> <\/div> <\/a> <\/div> <div class=\"pb-block pb-portrait pb-height pb-type-image \" style=\"\" data-colspan=\"1\" data-rowspan=\"1\" data-col=\"2\" data-row=\"0\" data-valign=\"center\" data-halign=\"center\" data-type=\"image\" data-ratio=\"1\"> <img decoding=\"async\" class=\"pb-image skip-lazy \" src=\"data:image\/png;base64,iVBORw0KGgoAAAANSUhEUgAAAAEAAAABCAYAAAAfFcSJAAAADUlEQVR42mNkYPhfDwAChwGA60e6kgAAAABJRU5ErkJggg==\" data-pb-source=\"https:\/\/www.nestorgimenez.com\/wp-content\/uploads\/2021\/02\/Disco-blanco.jpg\" alt=\"\"> <noscript><img decoding=\"async\" src=\"http:\/\/www.nestorgimenez.com\/wp-content\/uploads\/2021\/02\/Disco-blanco.jpg\" alt=\"\"><\/noscript> <a class=\"pb-link \" data-magnific=\"gallery-9\" data-caption=\"\" rel=\"\" target=\"\" href=\"https:\/\/www.nestorgimenez.com\/wp-content\/uploads\/2021\/02\/Disco-blanco.jpg\"> <\/a> <\/div> <\/div><\/div><div id=\"photoblocks-fancybox-9\"><\/div><script>jQuery(function () { var p = new PhotoBlocks({ selector: \"#photoblocks-9\", columns: 3, padding: 10, disable_below: 320, on: { before: function () { }, after: function () { }, refresh: function () { } }, mobile_layout: [], lazy: false, debug: false }); jQuery(\"#photoblocks-9\").magnificPopup({ delegate: \".pb-block:not(.pb-filtered) [data-magnific]\", type: \"image\", gallery: { enabled: true, preload: [0,2] }, image: { titleSrc: 'data-caption' }, mainClass: \"mfp-9\" }); });<\/script>\n\n\n\n<div style=\"height:60px\" aria-hidden=\"true\" class=\"wp-block-spacer advgb-dyn-377da97f\"><\/div>\n\n\n\n<h2 class=\"wp-block-heading has-text-align-center advgb-dyn-a0cccc8e\" id=\"videos-94e464ba-e7fb-491c-92ad-6a2b60b19f3d\">Videos<\/h2>\n\n\n\n<div class=\"wp-block-uagb-separator uagb-block-02ae6aa7\"><div class=\"wp-block-uagb-separator__inner\" style=\"--my-background-image:\"><\/div><\/div>\n\n\n\n<div style=\"height:50px\" aria-hidden=\"true\" class=\"wp-block-spacer advgb-dyn-a1f5334f\"><\/div>\n\n\n<div class=\"epyt-gallery\" data-currpage=\"1\" id=\"epyt_gallery_99767\"><div class=\"epyt-video-wrapper\"><iframe loading=\"lazy\"  id=\"_ytid_25834\"  width=\"1200\" height=\"675\"  data-origwidth=\"1200\" data-origheight=\"675\" src=\"https:\/\/www.youtube.com\/embed\/LibPrLj_E1k?enablejsapi=1&#038;autoplay=0&#038;cc_load_policy=0&#038;cc_lang_pref=&#038;iv_load_policy=1&#038;loop=0&#038;rel=1&#038;fs=1&#038;playsinline=0&#038;autohide=2&#038;theme=dark&#038;color=red&#038;controls=1&#038;disablekb=0&#038;\" class=\"__youtube_prefs__  no-lazyload\" title=\"YouTube player\"  data-epytgalleryid=\"epyt_gallery_99767\"  allow=\"fullscreen; accelerometer; autoplay; clipboard-write; encrypted-media; gyroscope; picture-in-picture; web-share\" referrerpolicy=\"strict-origin-when-cross-origin\" allowfullscreen data-no-lazy=\"1\" data-skipgform_ajax_framebjll=\"\"><\/iframe><\/div><div class=\"epyt-gallery-list\"><div class=\"epyt-pagination \"><div tabindex=\"0\" role=\"button\" class=\"epyt-pagebutton epyt-prev  hide \" data-playlistid=\"PL_eSrrDt28ASJp0fOOhAxt03rjn2LNsV4\" data-pagesize=\"10\" data-pagetoken=\"\" data-epcolumns=\"5\" data-showtitle=\"1\" data-showpaging=\"1\" data-autonext=\"0\" data-thumbplay=\"1\"><div class=\"epyt-arrow\">&laquo;<\/div> <div>Prev<\/div><\/div><div class=\"epyt-pagenumbers hide\"><div class=\"epyt-current\">1<\/div><div class=\"epyt-pageseparator\"> \/ <\/div><div class=\"epyt-totalpages\">1<\/div><\/div><div tabindex=\"0\" role=\"button\" class=\"epyt-pagebutton epyt-next hide \" data-playlistid=\"PL_eSrrDt28ASJp0fOOhAxt03rjn2LNsV4\" data-pagesize=\"10\" data-pagetoken=\"\" data-epcolumns=\"5\" data-showtitle=\"1\" data-showpaging=\"1\" data-autonext=\"0\" data-thumbplay=\"1\"><div>Next<\/div> <div class=\"epyt-arrow\">&raquo;<\/div><\/div><div class=\"epyt-loader\"><img loading=\"lazy\" decoding=\"async\" alt=\"loading\" width=\"16\" height=\"11\" src=\"https:\/\/www.nestorgimenez.com\/wp-content\/plugins\/youtube-embed-plus\/images\/gallery-page-loader.gif\"><\/div><\/div><div class=\"epyt-gallery-allthumbs  epyt-cols-5 \"><div tabindex=\"0\" role=\"button\" data-videoid=\"LibPrLj_E1k\" class=\"epyt-gallery-thumb\"><div class=\"epyt-gallery-img-box\"><div class=\"epyt-gallery-img\" style=\"background-image: url(https:\/\/i.ytimg.com\/vi\/LibPrLj_E1k\/hqdefault.jpg)\"><div class=\"epyt-gallery-playhover\"><img loading=\"lazy\" decoding=\"async\" alt=\"play\" class=\"epyt-play-img\" width=\"30\" height=\"23\" src=\"https:\/\/www.nestorgimenez.com\/wp-content\/plugins\/youtube-embed-plus\/images\/playhover.png\" data-no-lazy=\"1\" data-skipgform_ajax_framebjll=\"\" \/><div class=\"epyt-gallery-playcrutch\"><\/div><\/div><\/div><\/div><div class=\"epyt-gallery-title\">N\u00e9stor Gim\u00e9nez Pocket Orchestra: &#039;El maharaj\u00e0 del palau de Pankot&#039; [LIVE]<\/div><\/div><div tabindex=\"0\" role=\"button\" data-videoid=\"I9o5KILXK-4\" class=\"epyt-gallery-thumb\"><div class=\"epyt-gallery-img-box\"><div class=\"epyt-gallery-img\" style=\"background-image: url(https:\/\/i.ytimg.com\/vi\/I9o5KILXK-4\/hqdefault.jpg)\"><div class=\"epyt-gallery-playhover\"><img loading=\"lazy\" decoding=\"async\" alt=\"play\" class=\"epyt-play-img\" width=\"30\" height=\"23\" src=\"https:\/\/www.nestorgimenez.com\/wp-content\/plugins\/youtube-embed-plus\/images\/playhover.png\" data-no-lazy=\"1\" data-skipgform_ajax_framebjll=\"\" \/><div class=\"epyt-gallery-playcrutch\"><\/div><\/div><\/div><\/div><div class=\"epyt-gallery-title\">N\u00e9stor Gim\u00e9nez Pocket Orchestra: &#039;La carretera de la c\u00f2lera&#039; [LIVE]<\/div><\/div><div tabindex=\"0\" role=\"button\" data-videoid=\"QsEDqvbKEMQ\" class=\"epyt-gallery-thumb\"><div class=\"epyt-gallery-img-box\"><div class=\"epyt-gallery-img\" style=\"background-image: url(https:\/\/i.ytimg.com\/vi\/QsEDqvbKEMQ\/hqdefault.jpg)\"><div class=\"epyt-gallery-playhover\"><img loading=\"lazy\" decoding=\"async\" alt=\"play\" class=\"epyt-play-img\" width=\"30\" height=\"23\" src=\"https:\/\/www.nestorgimenez.com\/wp-content\/plugins\/youtube-embed-plus\/images\/playhover.png\" data-no-lazy=\"1\" data-skipgform_ajax_framebjll=\"\" \/><div class=\"epyt-gallery-playcrutch\"><\/div><\/div><\/div><\/div><div class=\"epyt-gallery-title\">N\u00e9stor Gim\u00e9nez Pocket Orchestra: El calze de Crist [LIVE]<\/div><\/div><div tabindex=\"0\" role=\"button\" data-videoid=\"w4TY1qxewis\" class=\"epyt-gallery-thumb\"><div class=\"epyt-gallery-img-box\"><div class=\"epyt-gallery-img\" style=\"background-image: url(https:\/\/i.ytimg.com\/vi\/w4TY1qxewis\/hqdefault.jpg)\"><div class=\"epyt-gallery-playhover\"><img loading=\"lazy\" decoding=\"async\" alt=\"play\" class=\"epyt-play-img\" width=\"30\" height=\"23\" src=\"https:\/\/www.nestorgimenez.com\/wp-content\/plugins\/youtube-embed-plus\/images\/playhover.png\" data-no-lazy=\"1\" data-skipgform_ajax_framebjll=\"\" \/><div class=\"epyt-gallery-playcrutch\"><\/div><\/div><\/div><\/div><div class=\"epyt-gallery-title\">N\u00e9stor Gim\u00e9nez Pocket Orchestra: Tetralogy (SEED JAZZ 003) TEASER #newrelease<\/div><\/div><div class=\"epyt-gallery-clear\"><\/div><\/div><div class=\"epyt-pagination \"><div tabindex=\"0\" role=\"button\" class=\"epyt-pagebutton epyt-prev  hide \" data-playlistid=\"PL_eSrrDt28ASJp0fOOhAxt03rjn2LNsV4\" data-pagesize=\"10\" data-pagetoken=\"\" data-epcolumns=\"5\" data-showtitle=\"1\" data-showpaging=\"1\" data-autonext=\"0\" data-thumbplay=\"1\"><div class=\"epyt-arrow\">&laquo;<\/div> <div>Prev<\/div><\/div><div class=\"epyt-pagenumbers hide\"><div class=\"epyt-current\">1<\/div><div class=\"epyt-pageseparator\"> \/ <\/div><div class=\"epyt-totalpages\">1<\/div><\/div><div tabindex=\"0\" role=\"button\" class=\"epyt-pagebutton epyt-next hide \" data-playlistid=\"PL_eSrrDt28ASJp0fOOhAxt03rjn2LNsV4\" data-pagesize=\"10\" data-pagetoken=\"\" data-epcolumns=\"5\" data-showtitle=\"1\" data-showpaging=\"1\" data-autonext=\"0\" data-thumbplay=\"1\"><div>Next<\/div> <div class=\"epyt-arrow\">&raquo;<\/div><\/div><div class=\"epyt-loader\"><img loading=\"lazy\" decoding=\"async\" alt=\"loading\" width=\"16\" height=\"11\" src=\"https:\/\/www.nestorgimenez.com\/wp-content\/plugins\/youtube-embed-plus\/images\/gallery-page-loader.gif\"><\/div><\/div><\/div><\/div>\n\n\n<h2 class=\"wp-block-heading has-text-align-center advgb-dyn-2783c71e\" id=\"videos-94e464ba-e7fb-491c-92ad-6a2b60b19f3d\">Portfolio<\/h2>\n\n\n\n<div class=\"wp-block-uagb-separator uagb-block-0014fe9d\"><div class=\"wp-block-uagb-separator__inner\" style=\"--my-background-image:\"><\/div><\/div>\n\n\n\n<div style=\"height:35px\" aria-hidden=\"true\" class=\"wp-block-spacer advgb-dyn-bcfcbbe5\"><\/div>\n\n\n<iframe loading=\"lazy\" class=\"wonderplugin-pdf-iframe\" src=\"https:\/\/www.nestorgimenez.com\/wp-content\/plugins\/wonderplugin-pdf-embed\/pdfjslight\/web\/viewer.html?v=2&disabletext=1&disabledoc=1&disableopenfile=1&disablerightclick=1&file=http:\/\/www.nestorgimenez.com\/wp-content\/uploads\/2021\/10\/Nestor-Gimenez-Pocket-Orchestra.pdf\" width=\"100%\" height=\"400px\" style=\"border:1;\"><\/iframe>\n\n\n\n<p><\/p>\n","protected":false},"excerpt":{"rendered":"<p>N\u00e9stor Gim\u00e9nez Pocket Orchestra (Chamber Music) Instrumental, chamberly worked, a bit improvised, orchestrally aimed music Gabriel Amargant, clarinet N\u00e9stor Gim\u00e9nez, piano Adri\u00e0 Plana, guitarra Jaume Guri, viol\u00ed Discography Videos Portfolio<\/p>\n","protected":false},"author":1,"featured_media":0,"parent":0,"menu_order":0,"comment_status":"closed","ping_status":"closed","template":"","meta":{"_uag_custom_page_level_css":"","advgb_blocks_editor_width":"","advgb_blocks_columns_visual_guide":"","neve_meta_sidebar":"default","neve_meta_container":"","neve_meta_enable_content_width":"off","neve_meta_content_width":100,"neve_meta_title_alignment":"center","neve_meta_author_avatar":"","neve_post_elements_order":"","neve_meta_disable_header":"","neve_meta_disable_footer":"","neve_meta_disable_title":"on","footnotes":""},"class_list":["post-1206","page","type-page","status-publish","hentry"],"featured_image_src":null,"featured_image_src_square":null,"uagb_featured_image_src":{"full":false,"thumbnail":false,"medium":false,"medium_large":false,"large":false,"tf-client-image-size":false,"1536x1536":false,"2048x2048":false,"gb-block-post-grid-landscape":false,"gb-block-post-grid-square":false,"neve-blog":false},"uagb_author_info":{"display_name":"pelsman","author_link":"https:\/\/www.nestorgimenez.com\/index.php\/author\/pelsman\/"},"uagb_comment_info":0,"uagb_excerpt":"N\u00e9stor Gim\u00e9nez Pocket Orchestra (Chamber Music) Instrumental, chamberly worked, a bit improvised, orchestrally aimed music Gabriel Amargant, clarinet N\u00e9stor Gim\u00e9nez, piano Adri\u00e0 Plana, guitarra Jaume Guri, viol\u00ed Discography Videos Portfolio","coauthors":[],"author_meta":{"author_link":"https:\/\/www.nestorgimenez.com\/index.php\/author\/pelsman\/","display_name":"pelsman"},"relative_dates":{"created":"Posted 5 years ago","modified":"Updated 3 years ago"},"absolute_dates":{"created":"Posted on 25 February, 2021","modified":"Updated on 27 June, 2023"},"absolute_dates_time":{"created":"Posted on 25 February, 2021 2:44 pm","modified":"Updated on 27 June, 2023 9:31 am"},"featured_img_caption":"","featured_img":false,"series_order":"","_links":{"self":[{"href":"https:\/\/www.nestorgimenez.com\/index.php\/wp-json\/wp\/v2\/pages\/1206","targetHints":{"allow":["GET"]}}],"collection":[{"href":"https:\/\/www.nestorgimenez.com\/index.php\/wp-json\/wp\/v2\/pages"}],"about":[{"href":"https:\/\/www.nestorgimenez.com\/index.php\/wp-json\/wp\/v2\/types\/page"}],"author":[{"embeddable":true,"href":"https:\/\/www.nestorgimenez.com\/index.php\/wp-json\/wp\/v2\/users\/1"}],"replies":[{"embeddable":true,"href":"https:\/\/www.nestorgimenez.com\/index.php\/wp-json\/wp\/v2\/comments?post=1206"}],"version-history":[{"count":17,"href":"https:\/\/www.nestorgimenez.com\/index.php\/wp-json\/wp\/v2\/pages\/1206\/revisions"}],"predecessor-version":[{"id":1657,"href":"https:\/\/www.nestorgimenez.com\/index.php\/wp-json\/wp\/v2\/pages\/1206\/revisions\/1657"}],"wp:attachment":[{"href":"https:\/\/www.nestorgimenez.com\/index.php\/wp-json\/wp\/v2\/media?parent=1206"}],"curies":[{"name":"wp","href":"https:\/\/api.w.org\/{rel}","templated":true}]}}